{"id":6552,"date":"2024-12-13T16:27:09","date_gmt":"2024-12-13T21:27:09","guid":{"rendered":"https:\/\/emascanada.onpressidium.com\/?page_id=6552"},"modified":"2025-04-08T18:53:57","modified_gmt":"2025-04-08T22:53:57","slug":"hand-in-hand-with-haiti","status":"publish","type":"page","link":"https:\/\/emascanada.org\/fr\/where-we-serve\/haiti\/hand-in-hand-with-haiti\/","title":{"rendered":"Hand in Hand with Haiti"},"content":{"rendered":"<h1>\n\t\tHand in Hand with Haiti\n\t<\/h1>\n<h2>\n\t\t\u00c0 propos\n\t<\/h2>\n\t<p>L\u2019un des projets en Ha\u00efti soutenus par EMAS, s\u2019appelle Hand in Hand with Haiti, un partenariat entre EMAS Canada et l\u2019\u00e9glise El Shaddai \u00e0 Port-au-Prince. Ce projet met l\u2019accent sur quatre (4) volets principaux:<\/p>\n<ul>\n<li>Un programme pr\u00e9scolaire, \u00e9l\u00e9mentaire et secondaire qui offre aux \u00e9l\u00e8ves et au personnel un repas complet pr\u00e9par\u00e9 chaque jour d\u2019\u00e9cole.<\/li>\n<li>Une visite annuelle d\u2019une \u00e9quipe d\u2019enseignants en soins de la sant\u00e9 (incluant des \u00e9tudiants en m\u00e9decine et en soins infirmiers), pour procurer des soins de sant\u00e9 primaire et dentaires depuis 2004.<\/li>\n<li class=\" translation-block\">Un projet de construction antisismique et anticyclonique en partenariat avec (eMi) Engineering Ministries International.  Ce projet comprend : un grand espace pour les rassemblements communautaires, deux (2) b\u00e2timents scolaires, une grande cuisine, un r\u00e9servoir d\u2019eau, des installations sanitaires avec toilettes \u00e0 chasse d\u2019eau, de l\u2019eau potable et une clinique de soins de sant\u00e9 \u00e0 proximit\u00e9.<\/li>\n<li>Des \u00e9v\u00e9nements publics, ici au Canada, dans le but de sensibiliser la population et d\u2019amasser des fonds.<\/li>\n<\/ul>\n<p>By working &#8216;hand in hand&#8217; with the El Shaddai Church community to Build Better than Before, this project provides a beacon of hope, that points to a better future for this Haitian neighbourhood.<\/p>\n<h2>\n\t\tHISTORIQUE\n\t<\/h2>\n\t<p>En 1982, le Dr. Pierre Plourde a visit\u00e9 Haiti en tant qu\u2019\u00e9tudiant en m\u00e9decine lors d\u2019un stage subventionn\u00e9 par EMAS. Son tuteur de cr\u00e9ole \u00e9tait M. Saint Hilaire Faniel. Leur relation s\u2019est intensifi\u00e9e au fil des visites et de leur correspondance.<\/p>\n<p>En 1993, nouvellement dipl\u00f4m\u00e9 du s\u00e9minaire, le Pasteur Saint Hilaire a fond\u00e9 l\u2019\u00e9glise El Shaddai et en un an, la communaut\u00e9 a lanc\u00e9 un programme d\u2019alimentation pour les enfants du voisinage. En 2005, l\u2019\u00e9cole primaire \u201cImago Dei\u201d a \u00e9t\u00e9 cr\u00e9\u00e9e avec 3 classes de Jardin d\u2019enfants pour les 3, 4 et 5 ans. Des classes de la premi\u00e8re \u00e0 la neuvi\u00e8me ann\u00e9e ont \u00e9t\u00e9 ajout\u00e9es depuis lors. EMAS Canada continue de supporter ce programme sur une base mensuelle.<\/p>\n<p>Saint Hilaire&#8217;s leadership and selflessness were truly inspirational but tragically, Saint Hilaire was murdered in the course of a break-in at his apartment in December 2008. The El Shaddai church honours his memory by continuing the work and vision of Saint Hilaire.<\/p>\n<p>En 2005, pour faire de la place pour d\u2019autres minist\u00e8res, l\u2019\u00e9glise El Shaddai a fait l\u2019acquisition d\u2019un terrain pour y construire un Centre communautaire pour minist\u00e8res.  \u00c0 la suite du tremblement de terre en 2010, eMi a rencontr\u00e9 les Anciens de la communaut\u00e9 pour concevoir la construction d\u2019un centre communautaire \u00e0 prix abordable, antisismique et anticyclonique qui comprendrait un grand espace pour les rassemblements communautaires, une \u00e9cole primaire et une clinique de soins de sant\u00e9 communautaire.<\/p>\n<p>Malgr\u00e9 le bouleversement politique et \u00e9conomique qui rendent toute initiative extr\u00eamement difficile en Ha\u00efti, EMAS Canada continue de supporter les efforts de la communaut\u00e9 de l\u2019\u00e9glise El Shaddaidepuis 1996 et le Dr. Pierre Plourde assume le leadership des \u00e9quipes de soins de sant\u00e9 de EMAS depuis 2004. Depuis tout ce temps, l\u2019\u00e9glise El Shaddai demeure un phare au milieu d\u2019obstacles apparemment insurmontables.<\/p>\n\t\t\t\t<img loading=\"lazy\" decoding=\"async\" src=\"https:\/\/emascanada.org\/wp-content\/uploads\/2024\/12\/El-Shaddai-community-centre-2018-PS.jpg\" alt=\"El Shaddai community centre 2018 PS\" itemprop=\"image\" height=\"506\" width=\"924\" title=\"El Shaddai community centre 2018 PS\" onerror=\"this.style.display='none'\"  \/>\n<h2>\n\t\tMISE A JOUR SUR LA CONSTRUCTION\n\t<\/h2>\n\t<p><strong>2021:<\/strong>\u00a0 Le projet de construction eMi du Centre Communautaire El Shaddai est compl\u00e9t\u00e9 et contient un grand espace pour les rassemblements communautaires (servant \u00e0 la fois d\u2019\u00e9glise, de centre de jeunesse, de salle de r\u00e9union pour l\u2019\u00e9cole, d\u2019abri de secours lors des cyclones ou autres d\u00e9sastres), 2 \u00e9difices pour l\u2019\u00e9cole primaire et secondaire, une grande cuisine et des installations sanitaires avec des toilettes et de l\u2019eau potable. Au niveau du rez-de-chauss\u00e9e, tous les b\u00e2timents sont am\u00e9nag\u00e9s pour permettre l\u2019acc\u00e8s en fauteuil roulant.<\/p>\n<p>Au cours des derni\u00e8res ann\u00e9es, le projet agricole a permis d\u2019ajouter des espaces verts tout autour du Centre communautaire avec des jardins qui produisent des fruits et l\u00e9gumes pour la cuisine de l\u2019\u00e9cole. Les projets actuels pour 2021 et 2022 comprennent des r\u00e9novations de la cuisine pour convertir les fours au charbon de bois en fours au propane et l\u2019implantation d\u2019une pisciculture pour cr\u00e9er une source durable de prot\u00e9ines pour la cuisine de l\u2019\u00e9cole.<\/p>\n<p>Nos plus sinc\u00e8res remerciements \u00e0 l\u2019organisme MCIC (Manitoba Council for International Cooperation) de leur appui depuis plus d\u2019une d\u00e9cennie par l\u2019entremise du programme du gouvernement du Manitoba \u2013 MGMGP (Manitoba Government Matching Grant Program).<\/p>\n<p><strong>2023:\u00a0<\/strong>Current plans include expansion of the solar powered electricity system to reduce dependence on expensive and not always available fuel.<\/p>\n<p class=\" translation-block\">Vos dons pour assurer la continuit\u00e9 du fonctionnement de l\u2019\u00e9cole et des initiatives de d\u00e9veloppement communautaire en cours sont toujours tr\u00e8s appr\u00e9ci\u00e9s.<\/p>\n<h2>\n\t\tCHEFS D\u2019\u00c9QUIPES\n\t<\/h2>\n\t<p>Dr. Pierre Plourde et Mme Krista Waring<\/p>\n\t\t\t<p>Rien de pr\u00e9vu<\/p>\n\t<p>En raison d'un avis aux voyageurs<\/p>\n<h2>\n\t\tFaire un don\n\t<\/h2>\n\t<p class=\" translation-block\">Vous pouvez appuyer les efforts pour \u2018Construire Mieux qu\u2019Avant\u2019 par l\u2019interm\u00e9diaire de votre aide financi\u00e8re \u00e0 l\u2019\u00e9glise El Shaddai. Voici quelques exemples de ce que vos dons peuvent accomplir:<\/p>\n<ul>\n<li>50,00$ procurent les fonds n\u00e9cessaires pour un mois, pour un \u00e9l\u00e8ve \u00e0 l\u2019\u00e9cole primaire\/secondaire Imago Dei<\/li>\n<li>125,00$ procurent un repas chaud complet pour tous les \u00e9l\u00e8ves et le personnel de l\u2019\u00e9cole primaire\/secondaire Imago Dei<\/li>\n<li>500,00$ couvrent les frais de toute une ann\u00e9e scolaire et de tous les repas d\u2019un \u00e9l\u00e8ve \u00e0 l\u2019\u00e9cole primaire\/secondaire Imago Dei<\/li>\n<\/ul>\n\t\t\t<a href=\"https:\/\/emascanada.org\/donate\/hand-in-hand-with-haiti\/\" target=\"_self\">\n\t\t\t\t\t\t Faire un don au Hand in Hand with Haiti\n\t\t\t\t\t<\/a>\n\t\t\t<a href=\"https:\/\/emascanada.org\/donate\" target=\"_self\">\n\t\t\t\t\t\tFaire un don au fonds d\u2019aide d\u2019urgence\n\t\t\t\t\t<\/a>","protected":false},"excerpt":{"rendered":"<p>Hand in Hand with Haiti Summary One EMAS Haiti project, called\u00a0Hand in Hand with Haiti, is a partnership between EMAS [&hellip;]<\/p>\n","protected":false},"author":2,"featured_media":7197,"parent":6537,"menu_order":0,"comment_status":"closed","ping_status":"closed","template":"","meta":{"site-sidebar-layout":"no-sidebar","site-content-layout":"page-builder","ast-site-content-layout":"full-width-container","site-content-style":"default","site-sidebar-style":"default","ast-global-header-display":"","ast-banner-title-visibility":"","ast-main-header-display":"","ast-hfb-above-header-display":"","ast-hfb-below-header-display":"","ast-hfb-mobile-header-display":"","site-post-title":"disabled","ast-breadcrumbs-content":"","ast-featured-img":"disabled","footer-sml-layout":"","ast-disable-related-posts":"","theme-transparent-header-meta":"default","adv-header-id-meta":"","stick-header-meta":"","header-above-stick-meta":"","header-main-stick-meta":"","header-below-stick-meta":"","astra-migrate-meta-layouts":"set","ast-page-background-enabled":"default","ast-page-background-meta":{"desktop":{"background-color":"var(--ast-global-color-4)","background-image":"","background-repeat":"repeat","background-position":"center center","background-size":"auto","background-attachment":"scroll","background-type":"","background-media":"","overlay-type":"","overlay-color":"","overlay-opacity":"","overlay-gradient":""},"tablet":{"background-color":"","background-image":"","background-repeat":"repeat","background-position":"center center","background-size":"auto","background-attachment":"scroll","background-type":"","background-media":"","overlay-type":"","overlay-color":"","overlay-opacity":"","overlay-gradient":""},"mobile":{"background-color":"","background-image":"","background-repeat":"repeat","background-position":"center center","background-size":"auto","background-attachment":"scroll","background-type":"","background-media":"","overlay-type":"","overlay-color":"","overlay-opacity":"","overlay-gradient":""}},"ast-content-background-meta":{"desktop":{"background-color":"var(--ast-global-color-5)","background-image":"","background-repeat":"repeat","background-position":"center center","background-size":"auto","background-attachment":"scroll","background-type":"","background-media":"","overlay-type":"","overlay-color":"","overlay-opacity":"","overlay-gradient":""},"tablet":{"background-color":"var(--ast-global-color-5)","background-image":"","background-repeat":"repeat","background-position":"center center","background-size":"auto","background-attachment":"scroll","background-type":"","background-media":"","overlay-type":"","overlay-color":"","overlay-opacity":"","overlay-gradient":""},"mobile":{"background-color":"var(--ast-global-color-5)","background-image":"","background-repeat":"repeat","background-position":"center center","background-size":"auto","background-attachment":"scroll","background-type":"","background-media":"","overlay-type":"","overlay-color":"","overlay-opacity":"","overlay-gradient":""}},"footnotes":""},"class_list":["post-6552","page","type-page","status-publish","has-post-thumbnail","hentry"],"yoast_head":"<!-- This site is optimized with the Yoast SEO plugin v27.2 - https:\/\/yoast.com\/product\/yoast-seo-wordpress\/ -->\n<title>Hand in Hand with Haiti - EMAS Canada<\/title>\n<meta name=\"description\" content=\"Hand in Hand with Haiti is a partnership between EMAS Canada and the El Shaddai Church community in Port-au-Prince.\" \/>\n<meta name=\"robots\" content=\"index, follow, max-snippet:-1, max-image-preview:large, max-video-preview:-1\" \/>\n<link rel=\"canonical\" href=\"https:\/\/emascanada.org\/fr\/where-we-serve\/haiti\/hand-in-hand-with-haiti\/\" \/>\n<meta property=\"og:locale\" content=\"fr_CA\" \/>\n<meta property=\"og:type\" content=\"article\" \/>\n<meta property=\"og:title\" content=\"Hand in Hand with Haiti - EMAS Canada\" \/>\n<meta property=\"og:description\" content=\"Hand in Hand with Haiti is a partnership between EMAS Canada and the El Shaddai Church community in Port-au-Prince.\" \/>\n<meta property=\"og:url\" content=\"https:\/\/emascanada.org\/fr\/where-we-serve\/haiti\/hand-in-hand-with-haiti\/\" \/>\n<meta property=\"og:site_name\" content=\"EMAS Canada\" \/>\n<meta property=\"article:publisher\" content=\"https:\/\/www.facebook.com\/EMASCANADA\/\" \/>\n<meta property=\"article:modified_time\" content=\"2025-04-08T22:53:57+00:00\" \/>\n<meta property=\"og:image\" content=\"https:\/\/emascanada.org\/wp-content\/uploads\/2024\/12\/El-Shaddai-community-centre-2018-PS1200.jpg\" \/>\n\t<meta property=\"og:image:width\" content=\"1200\" \/>\n\t<meta property=\"og:image:height\" content=\"800\" \/>\n\t<meta property=\"og:image:type\" content=\"image\/jpeg\" \/>\n<meta name=\"twitter:card\" content=\"summary_large_image\" \/>\n<meta name=\"twitter:site\" content=\"@emascanada\" \/>\n<meta name=\"twitter:label1\" content=\"Estimation du temps de lecture\" \/>\n\t<meta name=\"twitter:data1\" content=\"5 minutes\" \/>\n<script type=\"application\/ld+json\" class=\"yoast-schema-graph\">{\"@context\":\"https:\/\/schema.org\",\"@graph\":[{\"@type\":\"WebPage\",\"@id\":\"https:\/\/emascanada.org\/where-we-serve\/haiti\/hand-in-hand-with-haiti\/\",\"url\":\"https:\/\/emascanada.org\/where-we-serve\/haiti\/hand-in-hand-with-haiti\/\",\"name\":\"Hand in Hand with Haiti - EMAS Canada\",\"isPartOf\":{\"@id\":\"https:\/\/emascanada.org\/#website\"},\"primaryImageOfPage\":{\"@id\":\"https:\/\/emascanada.org\/where-we-serve\/haiti\/hand-in-hand-with-haiti\/#primaryimage\"},\"image\":{\"@id\":\"https:\/\/emascanada.org\/where-we-serve\/haiti\/hand-in-hand-with-haiti\/#primaryimage\"},\"thumbnailUrl\":\"https:\/\/emascanada.org\/wp-content\/uploads\/2024\/12\/El-Shaddai-community-centre-2018-PS1200.jpg\",\"datePublished\":\"2024-12-13T21:27:09+00:00\",\"dateModified\":\"2025-04-08T22:53:57+00:00\",\"description\":\"Hand in Hand with Haiti is a partnership between EMAS Canada and the El Shaddai Church community in Port-au-Prince.\",\"breadcrumb\":{\"@id\":\"https:\/\/emascanada.org\/where-we-serve\/haiti\/hand-in-hand-with-haiti\/#breadcrumb\"},\"inLanguage\":\"fr-CA\",\"potentialAction\":[{\"@type\":\"ReadAction\",\"target\":[\"https:\/\/emascanada.org\/where-we-serve\/haiti\/hand-in-hand-with-haiti\/\"]}]},{\"@type\":\"ImageObject\",\"inLanguage\":\"fr-CA\",\"@id\":\"https:\/\/emascanada.org\/where-we-serve\/haiti\/hand-in-hand-with-haiti\/#primaryimage\",\"url\":\"https:\/\/emascanada.org\/wp-content\/uploads\/2024\/12\/El-Shaddai-community-centre-2018-PS1200.jpg\",\"contentUrl\":\"https:\/\/emascanada.org\/wp-content\/uploads\/2024\/12\/El-Shaddai-community-centre-2018-PS1200.jpg\",\"width\":1200,\"height\":800},{\"@type\":\"BreadcrumbList\",\"@id\":\"https:\/\/emascanada.org\/where-we-serve\/haiti\/hand-in-hand-with-haiti\/#breadcrumb\",\"itemListElement\":[{\"@type\":\"ListItem\",\"position\":1,\"name\":\"Home\",\"item\":\"https:\/\/emascanada.org\/\"},{\"@type\":\"ListItem\",\"position\":2,\"name\":\"Where We Serve\",\"item\":\"https:\/\/emascanada.org\/where-we-serve\/\"},{\"@type\":\"ListItem\",\"position\":3,\"name\":\"Haiti\",\"item\":\"https:\/\/emascanada.org\/where-we-serve\/haiti\/\"},{\"@type\":\"ListItem\",\"position\":4,\"name\":\"Hand in Hand with Haiti\"}]},{\"@type\":\"WebSite\",\"@id\":\"https:\/\/emascanada.org\/#website\",\"url\":\"https:\/\/emascanada.org\/\",\"name\":\"EMAS Canada\",\"description\":\"Short-term medical missions with a long-term perspective\",\"publisher\":{\"@id\":\"https:\/\/emascanada.org\/#organization\"},\"alternateName\":\"Education, Medical Aid, and Service\",\"potentialAction\":[{\"@type\":\"SearchAction\",\"target\":{\"@type\":\"EntryPoint\",\"urlTemplate\":\"https:\/\/emascanada.org\/?s={search_term_string}\"},\"query-input\":{\"@type\":\"PropertyValueSpecification\",\"valueRequired\":true,\"valueName\":\"search_term_string\"}}],\"inLanguage\":\"fr-CA\"},{\"@type\":\"Organization\",\"@id\":\"https:\/\/emascanada.org\/#organization\",\"name\":\"EMAS Canada\",\"alternateName\":\"Education, Medical Aid and Service\",\"url\":\"https:\/\/emascanada.org\/\",\"logo\":{\"@type\":\"ImageObject\",\"inLanguage\":\"fr-CA\",\"@id\":\"https:\/\/emascanada.org\/#\/schema\/logo\/image\/\",\"url\":\"https:\/\/emascanada.org\/wp-content\/uploads\/2024\/11\/EMAS-Logo-PS1000.png\",\"contentUrl\":\"https:\/\/emascanada.org\/wp-content\/uploads\/2024\/11\/EMAS-Logo-PS1000.png\",\"width\":1000,\"height\":327,\"caption\":\"EMAS Canada\"},\"image\":{\"@id\":\"https:\/\/emascanada.org\/#\/schema\/logo\/image\/\"},\"sameAs\":[\"https:\/\/www.facebook.com\/EMASCANADA\/\",\"https:\/\/x.com\/emascanada\",\"https:\/\/www.youtube.com\/user\/emascanada\",\"https:\/\/www.instagram.com\/canada.emas\/\"]}]}<\/script>\n<!-- \/ Yoast SEO plugin. -->","yoast_head_json":{"title":"Hand in Hand with Haiti - EMAS Canada","description":"Hand in Hand with Haiti is a partnership between EMAS Canada and the El Shaddai Church community in Port-au-Prince.","robots":{"index":"index","follow":"follow","max-snippet":"max-snippet:-1","max-image-preview":"max-image-preview:large","max-video-preview":"max-video-preview:-1"},"canonical":"https:\/\/emascanada.org\/fr\/where-we-serve\/haiti\/hand-in-hand-with-haiti\/","og_locale":"fr_CA","og_type":"article","og_title":"Hand in Hand with Haiti - EMAS Canada","og_description":"Hand in Hand with Haiti is a partnership between EMAS Canada and the El Shaddai Church community in Port-au-Prince.","og_url":"https:\/\/emascanada.org\/fr\/where-we-serve\/haiti\/hand-in-hand-with-haiti\/","og_site_name":"EMAS Canada","article_publisher":"https:\/\/www.facebook.com\/EMASCANADA\/","article_modified_time":"2025-04-08T22:53:57+00:00","og_image":[{"width":1200,"height":800,"url":"https:\/\/emascanada.org\/wp-content\/uploads\/2024\/12\/El-Shaddai-community-centre-2018-PS1200.jpg","type":"image\/jpeg"}],"twitter_card":"summary_large_image","twitter_site":"@emascanada","twitter_misc":{"Estimation du temps de lecture":"5 minutes"},"schema":{"@context":"https:\/\/schema.org","@graph":[{"@type":"WebPage","@id":"https:\/\/emascanada.org\/where-we-serve\/haiti\/hand-in-hand-with-haiti\/","url":"https:\/\/emascanada.org\/where-we-serve\/haiti\/hand-in-hand-with-haiti\/","name":"Hand in Hand with Haiti - EMAS Canada","isPartOf":{"@id":"https:\/\/emascanada.org\/#website"},"primaryImageOfPage":{"@id":"https:\/\/emascanada.org\/where-we-serve\/haiti\/hand-in-hand-with-haiti\/#primaryimage"},"image":{"@id":"https:\/\/emascanada.org\/where-we-serve\/haiti\/hand-in-hand-with-haiti\/#primaryimage"},"thumbnailUrl":"https:\/\/emascanada.org\/wp-content\/uploads\/2024\/12\/El-Shaddai-community-centre-2018-PS1200.jpg","datePublished":"2024-12-13T21:27:09+00:00","dateModified":"2025-04-08T22:53:57+00:00","description":"Hand in Hand with Haiti is a partnership between EMAS Canada and the El Shaddai Church community in Port-au-Prince.","breadcrumb":{"@id":"https:\/\/emascanada.org\/where-we-serve\/haiti\/hand-in-hand-with-haiti\/#breadcrumb"},"inLanguage":"fr-CA","potentialAction":[{"@type":"ReadAction","target":["https:\/\/emascanada.org\/where-we-serve\/haiti\/hand-in-hand-with-haiti\/"]}]},{"@type":"ImageObject","inLanguage":"fr-CA","@id":"https:\/\/emascanada.org\/where-we-serve\/haiti\/hand-in-hand-with-haiti\/#primaryimage","url":"https:\/\/emascanada.org\/wp-content\/uploads\/2024\/12\/El-Shaddai-community-centre-2018-PS1200.jpg","contentUrl":"https:\/\/emascanada.org\/wp-content\/uploads\/2024\/12\/El-Shaddai-community-centre-2018-PS1200.jpg","width":1200,"height":800},{"@type":"BreadcrumbList","@id":"https:\/\/emascanada.org\/where-we-serve\/haiti\/hand-in-hand-with-haiti\/#breadcrumb","itemListElement":[{"@type":"ListItem","position":1,"name":"Home","item":"https:\/\/emascanada.org\/"},{"@type":"ListItem","position":2,"name":"Where We Serve","item":"https:\/\/emascanada.org\/where-we-serve\/"},{"@type":"ListItem","position":3,"name":"Haiti","item":"https:\/\/emascanada.org\/where-we-serve\/haiti\/"},{"@type":"ListItem","position":4,"name":"Hand in Hand with Haiti"}]},{"@type":"WebSite","@id":"https:\/\/emascanada.org\/#website","url":"https:\/\/emascanada.org\/","name":"EMAS Canada","description":"Short-term medical missions with a long-term perspective","publisher":{"@id":"https:\/\/emascanada.org\/#organization"},"alternateName":"Education, Medical Aid, and Service","potentialAction":[{"@type":"SearchAction","target":{"@type":"EntryPoint","urlTemplate":"https:\/\/emascanada.org\/?s={search_term_string}"},"query-input":{"@type":"PropertyValueSpecification","valueRequired":true,"valueName":"search_term_string"}}],"inLanguage":"fr-CA"},{"@type":"Organization","@id":"https:\/\/emascanada.org\/#organization","name":"EMAS Canada","alternateName":"Education, Medical Aid and Service","url":"https:\/\/emascanada.org\/","logo":{"@type":"ImageObject","inLanguage":"fr-CA","@id":"https:\/\/emascanada.org\/#\/schema\/logo\/image\/","url":"https:\/\/emascanada.org\/wp-content\/uploads\/2024\/11\/EMAS-Logo-PS1000.png","contentUrl":"https:\/\/emascanada.org\/wp-content\/uploads\/2024\/11\/EMAS-Logo-PS1000.png","width":1000,"height":327,"caption":"EMAS Canada"},"image":{"@id":"https:\/\/emascanada.org\/#\/schema\/logo\/image\/"},"sameAs":["https:\/\/www.facebook.com\/EMASCANADA\/","https:\/\/x.com\/emascanada","https:\/\/www.youtube.com\/user\/emascanada","https:\/\/www.instagram.com\/canada.emas\/"]}]}},"_links":{"self":[{"href":"https:\/\/emascanada.org\/fr\/wp-json\/wp\/v2\/pages\/6552","targetHints":{"allow":["GET"]}}],"collection":[{"href":"https:\/\/emascanada.org\/fr\/wp-json\/wp\/v2\/pages"}],"about":[{"href":"https:\/\/emascanada.org\/fr\/wp-json\/wp\/v2\/types\/page"}],"author":[{"embeddable":true,"href":"https:\/\/emascanada.org\/fr\/wp-json\/wp\/v2\/users\/2"}],"replies":[{"embeddable":true,"href":"https:\/\/emascanada.org\/fr\/wp-json\/wp\/v2\/comments?post=6552"}],"version-history":[{"count":5,"href":"https:\/\/emascanada.org\/fr\/wp-json\/wp\/v2\/pages\/6552\/revisions"}],"predecessor-version":[{"id":11045,"href":"https:\/\/emascanada.org\/fr\/wp-json\/wp\/v2\/pages\/6552\/revisions\/11045"}],"up":[{"embeddable":true,"href":"https:\/\/emascanada.org\/fr\/wp-json\/wp\/v2\/pages\/6537"}],"wp:featuredmedia":[{"embeddable":true,"href":"https:\/\/emascanada.org\/fr\/wp-json\/wp\/v2\/media\/7197"}],"wp:attachment":[{"href":"https:\/\/emascanada.org\/fr\/wp-json\/wp\/v2\/media?parent=6552"}],"curies":[{"name":"wp","href":"https:\/\/api.w.org\/{rel}","templated":true}]}}