{"id":6672,"date":"2024-12-16T15:57:32","date_gmt":"2024-12-16T20:57:32","guid":{"rendered":"https:\/\/emascanada.onpressidium.com\/?page_id=6672"},"modified":"2025-01-18T09:31:31","modified_gmt":"2025-01-18T14:31:31","slug":"eight-elements","status":"publish","type":"page","link":"https:\/\/emascanada.org\/fr\/about\/eight-elements\/","title":{"rendered":"Huit \u00c9l\u00e9ments"},"content":{"rendered":"<h1>Huit \u00c9l\u00e9ments<\/h1>\r\n<h2>Want makes EMAS Canada unique?<\/h2>\r\n<p><img loading=\"lazy\" decoding=\"async\" title=\"11\" src=\"https:\/\/emascanada.org\/wp-content\/uploads\/2024\/12\/11.jpg\" alt=\"11\" width=\"150\" height=\"150\" \/><\/p>\r\n<h2>SOINS DE SANT\u00c9 CENTR\u00c9S SUR CHRIST<\/h2>\r\n<p>EMAS Canada is focused on giving God glory in all we do. We are grateful for the remarkable gift of medicine to alleviate human suffering. So in all our teaching and healing work, we seek to express God&#8217;s love for those in need.<\/p>\r\n<p><img loading=\"lazy\" decoding=\"async\" title=\"2\" src=\"https:\/\/emascanada.org\/wp-content\/uploads\/2024\/12\/2.jpg\" alt=\"2\" width=\"150\" height=\"150\" \/><\/p>\r\n<h2>INTERCONFESSIONNEL<\/h2>\r\n<p>Les \u00e9quipes de EMAS desservent tous les gens, quelque soit leur milieu ou leurs croyances. Nos \u00e9quipes sont form\u00e9es de chr\u00e9tiens catholiques, protestants et orthodoxes. Nous accueillons aussi les gens de bonne volont\u00e9 qui se joignent \u00e0 nous dans des voyages humanitaires m\u00eame s\u2019ils ne partagent pas notre foi.<\/p>\r\n<p><img loading=\"lazy\" decoding=\"async\" title=\"3\" src=\"https:\/\/emascanada.org\/wp-content\/uploads\/2024\/12\/3.jpg\" alt=\"3\" width=\"150\" height=\"150\" \/><\/p>\r\n<h2>ENGAGEMENT \u00c0 LONG-TERME<\/h2>\r\n<p>M\u00eame si nos voyages ne durent habituellement qu\u2019une semaine ou deux, nous nous engageons dans des partenariats \u00e0 long terme avec des communaut\u00e9s sp\u00e9cifiques, mal desservies.  Plusieurs de nos \u00e9quipes se sont rendues\/se rendent dans le m\u00eame endroit depuis plus d\u2019une vingtaine d\u2019ann\u00e9es, cr\u00e9ant des relations durables dans le voisinage et les uns avec les autres.<\/p>\r\n<p><img loading=\"lazy\" decoding=\"async\" title=\"4\" src=\"https:\/\/emascanada.org\/wp-content\/uploads\/2024\/12\/4.jpg\" alt=\"4\" width=\"150\" height=\"150\" \/><\/p>\r\n<h2>TRAVAIL D\u2019\u00c9QUIPE<\/h2>\r\n<p>EMAS Canada envoie principalement des \u00e9quipes de soins de sant\u00e9. Nos \u00e9quipes offrent des soins holistiques et comprend des membres poss\u00e9dant un large \u00e9ventail de comp\u00e9tences et d\u2019exp\u00e9rience et qui aident \u00e0 atteindre les objectifs et satisfaire aux exigences sp\u00e9cifiques de chaque voyage humanitaire. Le nombre de membres et la composition de chaque groupe varie selon les besoins de chaque communaut\u00e9 desservie, en essayant de combiner les comp\u00e9tences et l\u2019exp\u00e9rience disponibles.<\/p>\r\n<p><img loading=\"lazy\" decoding=\"async\" title=\"5\" src=\"https:\/\/emascanada.org\/wp-content\/uploads\/2024\/12\/5.jpg\" alt=\"5\" width=\"150\" height=\"150\" \/><\/p>\r\n<h2>SE RENDRE DANS DES R\u00c9GIONS MAL DESSERVIES<\/h2>\r\n<p>EMAS Canada offre des services de soins de sant\u00e9 dans les r\u00e9gions o\u00f9 ces soins ne sont pas disponibles ou inaccessibles. Nous offrons des soins de sant\u00e9 gratuits aux communaut\u00e9s et ne chargeons aucun frais pour les conf\u00e9rences que nous dispensons aux personnels\/professionnels de la sant\u00e9. Nous nous assurons aussi de travailler dans le respect des valeurs culturelles des r\u00e9gions desservies.<\/p>\r\n<p><img loading=\"lazy\" decoding=\"async\" title=\"6\" src=\"https:\/\/emascanada.org\/wp-content\/uploads\/2024\/12\/6.jpg\" alt=\"6\" width=\"150\" height=\"150\" \/><\/p>\r\n<h2>AUTONOMISATION DES LEADERS LOCAUX<\/h2>\r\n<p>Les \u00e9quipes de EMAS Canada concentrent leurs efforts pour outiller les professionnels de la sant\u00e9 sur le terrain qui desservent la communaut\u00e9 tout au long de l\u2019ann\u00e9e. Par exemple, des membres de nos \u00e9quipes de Chine et de Cuba enseignent et donnent des conf\u00e9rences dans les \u00e9coles m\u00e9dicales locales lors de leurs voyages missionnaires. D\u2019autres missions servent \u00e0 am\u00e9liorer les services offerts tout au long de l\u2019ann\u00e9e en prenant le temps de former les pourvoyeurs de sant\u00e9 avec lesquels ils travaillent.<\/p>\r\n<p><img loading=\"lazy\" decoding=\"async\" title=\"7\" src=\"https:\/\/emascanada.org\/wp-content\/uploads\/2024\/12\/7.jpg\" alt=\"7\" width=\"150\" height=\"150\" \/><\/p>\r\n<h2>\u00c9QUIPE INTERDISCIPLINAIRE<\/h2>\r\n<p>EMAS Canada met l\u2019accent sur la formation d\u2019\u00e9quipes interdisciplinaires comp\u00e9tentes. Nous rassemblons des \u00e9quipes form\u00e9es de M\u00e9decins, d\u2019infirmi\u00e8res, de physioth\u00e9rapeutes, de pharmaciens et d\u2019autres professionnels de la sant\u00e9. Notre approche souple permet la participation d\u2019une vari\u00e9t\u00e9 de gens poss\u00e9dant un grand \u00e9ventail de comp\u00e9tences et d\u2019exp\u00e9rience dans le domaine de la sant\u00e9.<\/p>\r\n<p><img loading=\"lazy\" decoding=\"async\" title=\"8\" src=\"https:\/\/emascanada.org\/wp-content\/uploads\/2024\/12\/8.jpg\" alt=\"8\" width=\"150\" height=\"150\" \/><\/p>\r\n<h2>TOUT LE MONDE SUR LE PONT<\/h2>\r\n<p class=\" translation-block\">EMAS Canada accueille aussi les b\u00e9n\u00e9voles qui ne sont pas du domaine de la sant\u00e9. Des comp\u00e9tences en \u00e9ducation, aum\u00f4nerie, administration peuvent \u00eatre un atout \u00e9norme pour une \u00e9quipe de professionnels de la sant\u00e9 travaillant dans une communaut\u00e9 mal desservie. Il existe aussi de nombreuses occasions de servir au sein de EMAS Canada ici m\u00eame dans votre propre communaut\u00e9. La mobilisation publique est essentielle au travail de EMAS Canada. Donc, joignez-vous \u00e0 nous en organisant des campagnes de lev\u00e9es de fonds et de sensibilisation, en si\u00e9geant au sein du conseil d\u2019administration et, bien s\u00fbr, nous sommes toujours heureux d\u2019avoir des gens qui veulent prier. Si vous d\u00e9sirez servir avec EMAS Canada, communiquez avec nous. Les missions avec EMAS Canada sont des occasions excitantes o\u00f9 tous les participants viennent pour servir.<\/p>","protected":false},"excerpt":{"rendered":"<p>Eight Elements Want makes EMAS Canada unique? CHRIST-CENTRED HEALTHCARE EMAS Canada is focused on giving God glory in all we [&hellip;]<\/p>\n","protected":false},"author":2,"featured_media":10173,"parent":6650,"menu_order":0,"comment_status":"closed","ping_status":"open","template":"","meta":{"site-sidebar-layout":"no-sidebar","site-content-layout":"page-builder","ast-site-content-layout":"full-width-container","site-content-style":"default","site-sidebar-style":"default","ast-global-header-display":"","ast-banner-title-visibility":"","ast-main-header-display":"","ast-hfb-above-header-display":"","ast-hfb-below-header-display":"","ast-hfb-mobile-header-display":"","site-post-title":"disabled","ast-breadcrumbs-content":"","ast-featured-img":"disabled","footer-sml-layout":"","ast-disable-related-posts":"","theme-transparent-header-meta":"default","adv-header-id-meta":"","stick-header-meta":"","header-above-stick-meta":"","header-main-stick-meta":"","header-below-stick-meta":"","astra-migrate-meta-layouts":"set","ast-page-background-enabled":"default","ast-page-background-meta":{"desktop":{"background-color":"var(--ast-global-color-4)","background-image":"","background-repeat":"repeat","background-position":"center center","background-size":"auto","background-attachment":"scroll","background-type":"","background-media":"","overlay-type":"","overlay-color":"","overlay-opacity":"","overlay-gradient":""},"tablet":{"background-color":"","background-image":"","background-repeat":"repeat","background-position":"center center","background-size":"auto","background-attachment":"scroll","background-type":"","background-media":"","overlay-type":"","overlay-color":"","overlay-opacity":"","overlay-gradient":""},"mobile":{"background-color":"","background-image":"","background-repeat":"repeat","background-position":"center center","background-size":"auto","background-attachment":"scroll","background-type":"","background-media":"","overlay-type":"","overlay-color":"","overlay-opacity":"","overlay-gradient":""}},"ast-content-background-meta":{"desktop":{"background-color":"var(--ast-global-color-5)","background-image":"","background-repeat":"repeat","background-position":"center center","background-size":"auto","background-attachment":"scroll","background-type":"","background-media":"","overlay-type":"","overlay-color":"","overlay-opacity":"","overlay-gradient":""},"tablet":{"background-color":"var(--ast-global-color-5)","background-image":"","background-repeat":"repeat","background-position":"center center","background-size":"auto","background-attachment":"scroll","background-type":"","background-media":"","overlay-type":"","overlay-color":"","overlay-opacity":"","overlay-gradient":""},"mobile":{"background-color":"var(--ast-global-color-5)","background-image":"","background-repeat":"repeat","background-position":"center center","background-size":"auto","background-attachment":"scroll","background-type":"","background-media":"","overlay-type":"","overlay-color":"","overlay-opacity":"","overlay-gradient":""}},"footnotes":""},"class_list":["post-6672","page","type-page","status-publish","has-post-thumbnail","hentry"],"yoast_head":"<!-- This site is optimized with the Yoast SEO plugin v27.2 - https:\/\/yoast.com\/product\/yoast-seo-wordpress\/ -->\n<title>Eight Elements - EMAS Canada<\/title>\n<meta name=\"description\" content=\"Discover eight elements of EMAS Canada&#039;s approach to short-term medical missions.\" \/>\n<meta name=\"robots\" content=\"index, follow, max-snippet:-1, max-image-preview:large, max-video-preview:-1\" \/>\n<link rel=\"canonical\" href=\"https:\/\/emascanada.org\/fr\/about\/eight-elements\/\" \/>\n<meta property=\"og:locale\" content=\"fr_CA\" \/>\n<meta property=\"og:type\" content=\"article\" \/>\n<meta property=\"og:title\" content=\"Eight Elements - EMAS Canada\" \/>\n<meta property=\"og:description\" content=\"Discover eight elements of EMAS Canada&#039;s approach to short-term medical missions.\" \/>\n<meta property=\"og:url\" content=\"https:\/\/emascanada.org\/fr\/about\/eight-elements\/\" \/>\n<meta property=\"og:site_name\" content=\"EMAS Canada\" \/>\n<meta property=\"article:publisher\" content=\"https:\/\/www.facebook.com\/EMASCANADA\/\" \/>\n<meta property=\"article:modified_time\" content=\"2025-01-18T14:31:31+00:00\" \/>\n<meta property=\"og:image\" content=\"https:\/\/emascanada.org\/wp-content\/uploads\/2025\/01\/EMAS-Logo-SOCIALS-2.jpg\" \/>\n\t<meta property=\"og:image:width\" content=\"1800\" \/>\n\t<meta property=\"og:image:height\" content=\"1013\" \/>\n\t<meta property=\"og:image:type\" content=\"image\/jpeg\" \/>\n<meta name=\"twitter:card\" content=\"summary_large_image\" \/>\n<meta name=\"twitter:site\" content=\"@emascanada\" \/>\n<meta name=\"twitter:label1\" content=\"Estimation du temps de lecture\" \/>\n\t<meta name=\"twitter:data1\" content=\"5 minutes\" \/>\n<script type=\"application\/ld+json\" class=\"yoast-schema-graph\">{\"@context\":\"https:\/\/schema.org\",\"@graph\":[{\"@type\":\"WebPage\",\"@id\":\"https:\/\/emascanada.org\/about\/eight-elements\/\",\"url\":\"https:\/\/emascanada.org\/about\/eight-elements\/\",\"name\":\"Eight Elements - EMAS Canada\",\"isPartOf\":{\"@id\":\"https:\/\/emascanada.org\/#website\"},\"primaryImageOfPage\":{\"@id\":\"https:\/\/emascanada.org\/about\/eight-elements\/#primaryimage\"},\"image\":{\"@id\":\"https:\/\/emascanada.org\/about\/eight-elements\/#primaryimage\"},\"thumbnailUrl\":\"https:\/\/emascanada.org\/wp-content\/uploads\/2025\/01\/EMAS-Logo-SOCIALS-2.jpg\",\"datePublished\":\"2024-12-16T20:57:32+00:00\",\"dateModified\":\"2025-01-18T14:31:31+00:00\",\"description\":\"Discover eight elements of EMAS Canada's approach to short-term medical missions.\",\"breadcrumb\":{\"@id\":\"https:\/\/emascanada.org\/about\/eight-elements\/#breadcrumb\"},\"inLanguage\":\"fr-CA\",\"potentialAction\":[{\"@type\":\"ReadAction\",\"target\":[\"https:\/\/emascanada.org\/about\/eight-elements\/\"]}]},{\"@type\":\"ImageObject\",\"inLanguage\":\"fr-CA\",\"@id\":\"https:\/\/emascanada.org\/about\/eight-elements\/#primaryimage\",\"url\":\"https:\/\/emascanada.org\/wp-content\/uploads\/2025\/01\/EMAS-Logo-SOCIALS-2.jpg\",\"contentUrl\":\"https:\/\/emascanada.org\/wp-content\/uploads\/2025\/01\/EMAS-Logo-SOCIALS-2.jpg\",\"width\":1800,\"height\":1013},{\"@type\":\"BreadcrumbList\",\"@id\":\"https:\/\/emascanada.org\/about\/eight-elements\/#breadcrumb\",\"itemListElement\":[{\"@type\":\"ListItem\",\"position\":1,\"name\":\"Home\",\"item\":\"https:\/\/emascanada.org\/\"},{\"@type\":\"ListItem\",\"position\":2,\"name\":\"About\",\"item\":\"https:\/\/emascanada.org\/about\/\"},{\"@type\":\"ListItem\",\"position\":3,\"name\":\"Eight Elements\"}]},{\"@type\":\"WebSite\",\"@id\":\"https:\/\/emascanada.org\/#website\",\"url\":\"https:\/\/emascanada.org\/\",\"name\":\"EMAS Canada\",\"description\":\"Short-term medical missions with a long-term perspective\",\"publisher\":{\"@id\":\"https:\/\/emascanada.org\/#organization\"},\"alternateName\":\"Education, Medical Aid, and Service\",\"potentialAction\":[{\"@type\":\"SearchAction\",\"target\":{\"@type\":\"EntryPoint\",\"urlTemplate\":\"https:\/\/emascanada.org\/?s={search_term_string}\"},\"query-input\":{\"@type\":\"PropertyValueSpecification\",\"valueRequired\":true,\"valueName\":\"search_term_string\"}}],\"inLanguage\":\"fr-CA\"},{\"@type\":\"Organization\",\"@id\":\"https:\/\/emascanada.org\/#organization\",\"name\":\"EMAS Canada\",\"alternateName\":\"Education, Medical Aid and Service\",\"url\":\"https:\/\/emascanada.org\/\",\"logo\":{\"@type\":\"ImageObject\",\"inLanguage\":\"fr-CA\",\"@id\":\"https:\/\/emascanada.org\/#\/schema\/logo\/image\/\",\"url\":\"https:\/\/emascanada.org\/wp-content\/uploads\/2024\/11\/EMAS-Logo-PS1000.png\",\"contentUrl\":\"https:\/\/emascanada.org\/wp-content\/uploads\/2024\/11\/EMAS-Logo-PS1000.png\",\"width\":1000,\"height\":327,\"caption\":\"EMAS Canada\"},\"image\":{\"@id\":\"https:\/\/emascanada.org\/#\/schema\/logo\/image\/\"},\"sameAs\":[\"https:\/\/www.facebook.com\/EMASCANADA\/\",\"https:\/\/x.com\/emascanada\",\"https:\/\/www.youtube.com\/user\/emascanada\",\"https:\/\/www.instagram.com\/canada.emas\/\"]}]}<\/script>\n<!-- \/ Yoast SEO plugin. -->","yoast_head_json":{"title":"Eight Elements - EMAS Canada","description":"Discover eight elements of EMAS Canada's approach to short-term medical missions.","robots":{"index":"index","follow":"follow","max-snippet":"max-snippet:-1","max-image-preview":"max-image-preview:large","max-video-preview":"max-video-preview:-1"},"canonical":"https:\/\/emascanada.org\/fr\/about\/eight-elements\/","og_locale":"fr_CA","og_type":"article","og_title":"Eight Elements - EMAS Canada","og_description":"Discover eight elements of EMAS Canada's approach to short-term medical missions.","og_url":"https:\/\/emascanada.org\/fr\/about\/eight-elements\/","og_site_name":"EMAS Canada","article_publisher":"https:\/\/www.facebook.com\/EMASCANADA\/","article_modified_time":"2025-01-18T14:31:31+00:00","og_image":[{"width":1800,"height":1013,"url":"https:\/\/emascanada.org\/wp-content\/uploads\/2025\/01\/EMAS-Logo-SOCIALS-2.jpg","type":"image\/jpeg"}],"twitter_card":"summary_large_image","twitter_site":"@emascanada","twitter_misc":{"Estimation du temps de lecture":"5 minutes"},"schema":{"@context":"https:\/\/schema.org","@graph":[{"@type":"WebPage","@id":"https:\/\/emascanada.org\/about\/eight-elements\/","url":"https:\/\/emascanada.org\/about\/eight-elements\/","name":"Eight Elements - EMAS Canada","isPartOf":{"@id":"https:\/\/emascanada.org\/#website"},"primaryImageOfPage":{"@id":"https:\/\/emascanada.org\/about\/eight-elements\/#primaryimage"},"image":{"@id":"https:\/\/emascanada.org\/about\/eight-elements\/#primaryimage"},"thumbnailUrl":"https:\/\/emascanada.org\/wp-content\/uploads\/2025\/01\/EMAS-Logo-SOCIALS-2.jpg","datePublished":"2024-12-16T20:57:32+00:00","dateModified":"2025-01-18T14:31:31+00:00","description":"Discover eight elements of EMAS Canada's approach to short-term medical missions.","breadcrumb":{"@id":"https:\/\/emascanada.org\/about\/eight-elements\/#breadcrumb"},"inLanguage":"fr-CA","potentialAction":[{"@type":"ReadAction","target":["https:\/\/emascanada.org\/about\/eight-elements\/"]}]},{"@type":"ImageObject","inLanguage":"fr-CA","@id":"https:\/\/emascanada.org\/about\/eight-elements\/#primaryimage","url":"https:\/\/emascanada.org\/wp-content\/uploads\/2025\/01\/EMAS-Logo-SOCIALS-2.jpg","contentUrl":"https:\/\/emascanada.org\/wp-content\/uploads\/2025\/01\/EMAS-Logo-SOCIALS-2.jpg","width":1800,"height":1013},{"@type":"BreadcrumbList","@id":"https:\/\/emascanada.org\/about\/eight-elements\/#breadcrumb","itemListElement":[{"@type":"ListItem","position":1,"name":"Home","item":"https:\/\/emascanada.org\/"},{"@type":"ListItem","position":2,"name":"About","item":"https:\/\/emascanada.org\/about\/"},{"@type":"ListItem","position":3,"name":"Eight Elements"}]},{"@type":"WebSite","@id":"https:\/\/emascanada.org\/#website","url":"https:\/\/emascanada.org\/","name":"EMAS Canada","description":"Short-term medical missions with a long-term perspective","publisher":{"@id":"https:\/\/emascanada.org\/#organization"},"alternateName":"Education, Medical Aid, and Service","potentialAction":[{"@type":"SearchAction","target":{"@type":"EntryPoint","urlTemplate":"https:\/\/emascanada.org\/?s={search_term_string}"},"query-input":{"@type":"PropertyValueSpecification","valueRequired":true,"valueName":"search_term_string"}}],"inLanguage":"fr-CA"},{"@type":"Organization","@id":"https:\/\/emascanada.org\/#organization","name":"EMAS Canada","alternateName":"Education, Medical Aid and Service","url":"https:\/\/emascanada.org\/","logo":{"@type":"ImageObject","inLanguage":"fr-CA","@id":"https:\/\/emascanada.org\/#\/schema\/logo\/image\/","url":"https:\/\/emascanada.org\/wp-content\/uploads\/2024\/11\/EMAS-Logo-PS1000.png","contentUrl":"https:\/\/emascanada.org\/wp-content\/uploads\/2024\/11\/EMAS-Logo-PS1000.png","width":1000,"height":327,"caption":"EMAS Canada"},"image":{"@id":"https:\/\/emascanada.org\/#\/schema\/logo\/image\/"},"sameAs":["https:\/\/www.facebook.com\/EMASCANADA\/","https:\/\/x.com\/emascanada","https:\/\/www.youtube.com\/user\/emascanada","https:\/\/www.instagram.com\/canada.emas\/"]}]}},"_links":{"self":[{"href":"https:\/\/emascanada.org\/fr\/wp-json\/wp\/v2\/pages\/6672","targetHints":{"allow":["GET"]}}],"collection":[{"href":"https:\/\/emascanada.org\/fr\/wp-json\/wp\/v2\/pages"}],"about":[{"href":"https:\/\/emascanada.org\/fr\/wp-json\/wp\/v2\/types\/page"}],"author":[{"embeddable":true,"href":"https:\/\/emascanada.org\/fr\/wp-json\/wp\/v2\/users\/2"}],"replies":[{"embeddable":true,"href":"https:\/\/emascanada.org\/fr\/wp-json\/wp\/v2\/comments?post=6672"}],"version-history":[{"count":5,"href":"https:\/\/emascanada.org\/fr\/wp-json\/wp\/v2\/pages\/6672\/revisions"}],"predecessor-version":[{"id":10193,"href":"https:\/\/emascanada.org\/fr\/wp-json\/wp\/v2\/pages\/6672\/revisions\/10193"}],"up":[{"embeddable":true,"href":"https:\/\/emascanada.org\/fr\/wp-json\/wp\/v2\/pages\/6650"}],"wp:featuredmedia":[{"embeddable":true,"href":"https:\/\/emascanada.org\/fr\/wp-json\/wp\/v2\/media\/10173"}],"wp:attachment":[{"href":"https:\/\/emascanada.org\/fr\/wp-json\/wp\/v2\/media?parent=6672"}],"curies":[{"name":"wp","href":"https:\/\/api.w.org\/{rel}","templated":true}]}}