{"id":6705,"date":"2024-12-16T16:06:16","date_gmt":"2024-12-16T21:06:16","guid":{"rendered":"https:\/\/emascanada.onpressidium.com\/?page_id=6705"},"modified":"2025-01-17T18:23:19","modified_gmt":"2025-01-17T23:23:19","slug":"statement-of-faith","status":"publish","type":"page","link":"https:\/\/emascanada.org\/fr\/about\/statement-of-faith\/","title":{"rendered":"D\u00e9claration de foi"},"content":{"rendered":"<h1>\r\n\t\tD\u00e9claration de foi\r\n\t<\/h1>\r\n\t<p>EMAS Canada est un organisme de charit\u00e9 chr\u00e9tien \u00e9vang\u00e9lique multiconfessionnel o\u00f9 les croyants catholiques, protestants et orthodoxes sont les bienvenus. Nous nous pr\u00e9occupons plus de ce qui nous unit dans notre foi que de ce qui nous divise.<\/p>\r\n<p>Accordingly, we have chosen the Apostles&#8217; Creed as our organizational statement of faith, as it summarizes the essentials of Christian belief across many traditions:<\/p>\r\n<h2>\r\n\t\tApostles&#8217; Creed\r\n\t<\/h2>\r\n\tI believe in God, the Father almighty,<br \/>\r\ncreator of heaven and earth.\r\nI believe in Jesus Christ, God&#8217;s only Son, our Lord,<br \/>\r\nwho was conceived by the Holy Spirit,<br \/>\r\nborn of the Virgin Mary,<br \/>\r\nsuffered under Pontius Pilate,<br \/>\r\nwas crucified, died, and was buried;<br \/>\r\nHe descended to the dead.<br \/>\r\nOn the third day He rose again;<br \/>\r\nHe ascended into heaven,<br \/>\r\nHe is seated at the right hand of the Father,<br \/>\r\nand He will come again to judge the living and the dead.\r\nI believe in the Holy Spirit,<br \/>\r\nthe holy catholic church,<br \/>\r\nthe communion of saints,<br \/>\r\nthe forgiveness of sins,<br \/>\r\nthe resurrection of the body,<br \/>\r\nand the life everlasting.\r\n<strong>Note:<\/strong> The word &#8220;catholic&#8221; in the Apostles&#8217; Creed conveys the universality<br \/>\r\nof Jesus&#8217; church, not specifically the Roman Catholic Church.\r\n\t\t\t\t<img loading=\"lazy\" decoding=\"async\" src=\"https:\/\/emascanada.org\/wp-content\/uploads\/2024\/12\/Apostles-Creed.jpg\" alt=\"Apostles-Creed\" itemprop=\"image\" height=\"732\" width=\"290\" title=\"Apostles-Creed\" onerror=\"this.style.display='none'\"  \/>","protected":false},"excerpt":{"rendered":"<p>Statement of Faith EMAS Canada is an interdenominational Christian charity, welcoming Catholics, Protestants and Orthodox believers. We focus on what [&hellip;]<\/p>\n","protected":false},"author":2,"featured_media":0,"parent":6650,"menu_order":0,"comment_status":"closed","ping_status":"open","template":"","meta":{"site-sidebar-layout":"no-sidebar","site-content-layout":"page-builder","ast-site-content-layout":"full-width-container","site-content-style":"default","site-sidebar-style":"default","ast-global-header-display":"","ast-banner-title-visibility":"","ast-main-header-display":"","ast-hfb-above-header-display":"","ast-hfb-below-header-display":"","ast-hfb-mobile-header-display":"","site-post-title":"disabled","ast-breadcrumbs-content":"","ast-featured-img":"disabled","footer-sml-layout":"","ast-disable-related-posts":"","theme-transparent-header-meta":"default","adv-header-id-meta":"","stick-header-meta":"","header-above-stick-meta":"","header-main-stick-meta":"","header-below-stick-meta":"","astra-migrate-meta-layouts":"set","ast-page-background-enabled":"default","ast-page-background-meta":{"desktop":{"background-color":"var(--ast-global-color-4)","background-image":"","background-repeat":"repeat","background-position":"center center","background-size":"auto","background-attachment":"scroll","background-type":"","background-media":"","overlay-type":"","overlay-color":"","overlay-opacity":"","overlay-gradient":""},"tablet":{"background-color":"","background-image":"","background-repeat":"repeat","background-position":"center center","background-size":"auto","background-attachment":"scroll","background-type":"","background-media":"","overlay-type":"","overlay-color":"","overlay-opacity":"","overlay-gradient":""},"mobile":{"background-color":"","background-image":"","background-repeat":"repeat","background-position":"center center","background-size":"auto","background-attachment":"scroll","background-type":"","background-media":"","overlay-type":"","overlay-color":"","overlay-opacity":"","overlay-gradient":""}},"ast-content-background-meta":{"desktop":{"background-color":"var(--ast-global-color-5)","background-image":"","background-repeat":"repeat","background-position":"center center","background-size":"auto","background-attachment":"scroll","background-type":"","background-media":"","overlay-type":"","overlay-color":"","overlay-opacity":"","overlay-gradient":""},"tablet":{"background-color":"var(--ast-global-color-5)","background-image":"","background-repeat":"repeat","background-position":"center center","background-size":"auto","background-attachment":"scroll","background-type":"","background-media":"","overlay-type":"","overlay-color":"","overlay-opacity":"","overlay-gradient":""},"mobile":{"background-color":"var(--ast-global-color-5)","background-image":"","background-repeat":"repeat","background-position":"center center","background-size":"auto","background-attachment":"scroll","background-type":"","background-media":"","overlay-type":"","overlay-color":"","overlay-opacity":"","overlay-gradient":""}},"footnotes":""},"class_list":["post-6705","page","type-page","status-publish","hentry"],"yoast_head":"<!-- This site is optimized with the Yoast SEO plugin v27.2 - https:\/\/yoast.com\/product\/yoast-seo-wordpress\/ -->\n<title>Statement of Faith - EMAS Canada<\/title>\n<meta name=\"description\" content=\"EMAS Canada is an interdenominational Christian charity, welcoming all believers. We focus on what unites us in faith rather than what divides us.\" \/>\n<meta name=\"robots\" content=\"index, follow, max-snippet:-1, max-image-preview:large, max-video-preview:-1\" \/>\n<link rel=\"canonical\" href=\"https:\/\/emascanada.org\/fr\/about\/statement-of-faith\/\" \/>\n<meta property=\"og:locale\" content=\"fr_CA\" \/>\n<meta property=\"og:type\" content=\"article\" \/>\n<meta property=\"og:title\" content=\"Statement of Faith - EMAS Canada\" \/>\n<meta property=\"og:description\" content=\"EMAS Canada is an interdenominational Christian charity, welcoming all believers. We focus on what unites us in faith rather than what divides us.\" \/>\n<meta property=\"og:url\" content=\"https:\/\/emascanada.org\/fr\/about\/statement-of-faith\/\" \/>\n<meta property=\"og:site_name\" content=\"EMAS Canada\" \/>\n<meta property=\"article:publisher\" content=\"https:\/\/www.facebook.com\/EMASCANADA\/\" \/>\n<meta property=\"article:modified_time\" content=\"2025-01-17T23:23:19+00:00\" \/>\n<meta property=\"og:image\" content=\"https:\/\/emascanada.org\/wp-content\/uploads\/2024\/12\/Apostles-Creed.jpg\" \/>\n<meta name=\"twitter:card\" content=\"summary_large_image\" \/>\n<meta name=\"twitter:site\" content=\"@emascanada\" \/>\n<meta name=\"twitter:label1\" content=\"Estimation du temps de lecture\" \/>\n\t<meta name=\"twitter:data1\" content=\"2 minutes\" \/>\n<script type=\"application\/ld+json\" class=\"yoast-schema-graph\">{\"@context\":\"https:\/\/schema.org\",\"@graph\":[{\"@type\":\"WebPage\",\"@id\":\"https:\/\/emascanada.org\/about\/statement-of-faith\/\",\"url\":\"https:\/\/emascanada.org\/about\/statement-of-faith\/\",\"name\":\"Statement of Faith - EMAS Canada\",\"isPartOf\":{\"@id\":\"https:\/\/emascanada.org\/#website\"},\"primaryImageOfPage\":{\"@id\":\"https:\/\/emascanada.org\/about\/statement-of-faith\/#primaryimage\"},\"image\":{\"@id\":\"https:\/\/emascanada.org\/about\/statement-of-faith\/#primaryimage\"},\"thumbnailUrl\":\"https:\/\/emascanada.org\/wp-content\/uploads\/2024\/12\/Apostles-Creed.jpg\",\"datePublished\":\"2024-12-16T21:06:16+00:00\",\"dateModified\":\"2025-01-17T23:23:19+00:00\",\"description\":\"EMAS Canada is an interdenominational Christian charity, welcoming all believers. We focus on what unites us in faith rather than what divides us.\",\"breadcrumb\":{\"@id\":\"https:\/\/emascanada.org\/about\/statement-of-faith\/#breadcrumb\"},\"inLanguage\":\"fr-CA\",\"potentialAction\":[{\"@type\":\"ReadAction\",\"target\":[\"https:\/\/emascanada.org\/about\/statement-of-faith\/\"]}]},{\"@type\":\"ImageObject\",\"inLanguage\":\"fr-CA\",\"@id\":\"https:\/\/emascanada.org\/about\/statement-of-faith\/#primaryimage\",\"url\":\"https:\/\/emascanada.org\/wp-content\/uploads\/2024\/12\/Apostles-Creed.jpg\",\"contentUrl\":\"https:\/\/emascanada.org\/wp-content\/uploads\/2024\/12\/Apostles-Creed.jpg\"},{\"@type\":\"BreadcrumbList\",\"@id\":\"https:\/\/emascanada.org\/about\/statement-of-faith\/#breadcrumb\",\"itemListElement\":[{\"@type\":\"ListItem\",\"position\":1,\"name\":\"Home\",\"item\":\"https:\/\/emascanada.org\/\"},{\"@type\":\"ListItem\",\"position\":2,\"name\":\"About\",\"item\":\"https:\/\/emascanada.org\/about\/\"},{\"@type\":\"ListItem\",\"position\":3,\"name\":\"Statement of Faith\"}]},{\"@type\":\"WebSite\",\"@id\":\"https:\/\/emascanada.org\/#website\",\"url\":\"https:\/\/emascanada.org\/\",\"name\":\"EMAS Canada\",\"description\":\"Short-term medical missions with a long-term perspective\",\"publisher\":{\"@id\":\"https:\/\/emascanada.org\/#organization\"},\"alternateName\":\"Education, Medical Aid, and Service\",\"potentialAction\":[{\"@type\":\"SearchAction\",\"target\":{\"@type\":\"EntryPoint\",\"urlTemplate\":\"https:\/\/emascanada.org\/?s={search_term_string}\"},\"query-input\":{\"@type\":\"PropertyValueSpecification\",\"valueRequired\":true,\"valueName\":\"search_term_string\"}}],\"inLanguage\":\"fr-CA\"},{\"@type\":\"Organization\",\"@id\":\"https:\/\/emascanada.org\/#organization\",\"name\":\"EMAS Canada\",\"alternateName\":\"Education, Medical Aid and Service\",\"url\":\"https:\/\/emascanada.org\/\",\"logo\":{\"@type\":\"ImageObject\",\"inLanguage\":\"fr-CA\",\"@id\":\"https:\/\/emascanada.org\/#\/schema\/logo\/image\/\",\"url\":\"https:\/\/emascanada.org\/wp-content\/uploads\/2024\/11\/EMAS-Logo-PS1000.png\",\"contentUrl\":\"https:\/\/emascanada.org\/wp-content\/uploads\/2024\/11\/EMAS-Logo-PS1000.png\",\"width\":1000,\"height\":327,\"caption\":\"EMAS Canada\"},\"image\":{\"@id\":\"https:\/\/emascanada.org\/#\/schema\/logo\/image\/\"},\"sameAs\":[\"https:\/\/www.facebook.com\/EMASCANADA\/\",\"https:\/\/x.com\/emascanada\",\"https:\/\/www.youtube.com\/user\/emascanada\",\"https:\/\/www.instagram.com\/canada.emas\/\"]}]}<\/script>\n<!-- \/ Yoast SEO plugin. -->","yoast_head_json":{"title":"Statement of Faith - EMAS Canada","description":"EMAS Canada is an interdenominational Christian charity, welcoming all believers. We focus on what unites us in faith rather than what divides us.","robots":{"index":"index","follow":"follow","max-snippet":"max-snippet:-1","max-image-preview":"max-image-preview:large","max-video-preview":"max-video-preview:-1"},"canonical":"https:\/\/emascanada.org\/fr\/about\/statement-of-faith\/","og_locale":"fr_CA","og_type":"article","og_title":"Statement of Faith - EMAS Canada","og_description":"EMAS Canada is an interdenominational Christian charity, welcoming all believers. We focus on what unites us in faith rather than what divides us.","og_url":"https:\/\/emascanada.org\/fr\/about\/statement-of-faith\/","og_site_name":"EMAS Canada","article_publisher":"https:\/\/www.facebook.com\/EMASCANADA\/","article_modified_time":"2025-01-17T23:23:19+00:00","og_image":[{"url":"https:\/\/emascanada.org\/wp-content\/uploads\/2024\/12\/Apostles-Creed.jpg","type":"","width":"","height":""}],"twitter_card":"summary_large_image","twitter_site":"@emascanada","twitter_misc":{"Estimation du temps de lecture":"2 minutes"},"schema":{"@context":"https:\/\/schema.org","@graph":[{"@type":"WebPage","@id":"https:\/\/emascanada.org\/about\/statement-of-faith\/","url":"https:\/\/emascanada.org\/about\/statement-of-faith\/","name":"Statement of Faith - EMAS Canada","isPartOf":{"@id":"https:\/\/emascanada.org\/#website"},"primaryImageOfPage":{"@id":"https:\/\/emascanada.org\/about\/statement-of-faith\/#primaryimage"},"image":{"@id":"https:\/\/emascanada.org\/about\/statement-of-faith\/#primaryimage"},"thumbnailUrl":"https:\/\/emascanada.org\/wp-content\/uploads\/2024\/12\/Apostles-Creed.jpg","datePublished":"2024-12-16T21:06:16+00:00","dateModified":"2025-01-17T23:23:19+00:00","description":"EMAS Canada is an interdenominational Christian charity, welcoming all believers. We focus on what unites us in faith rather than what divides us.","breadcrumb":{"@id":"https:\/\/emascanada.org\/about\/statement-of-faith\/#breadcrumb"},"inLanguage":"fr-CA","potentialAction":[{"@type":"ReadAction","target":["https:\/\/emascanada.org\/about\/statement-of-faith\/"]}]},{"@type":"ImageObject","inLanguage":"fr-CA","@id":"https:\/\/emascanada.org\/about\/statement-of-faith\/#primaryimage","url":"https:\/\/emascanada.org\/wp-content\/uploads\/2024\/12\/Apostles-Creed.jpg","contentUrl":"https:\/\/emascanada.org\/wp-content\/uploads\/2024\/12\/Apostles-Creed.jpg"},{"@type":"BreadcrumbList","@id":"https:\/\/emascanada.org\/about\/statement-of-faith\/#breadcrumb","itemListElement":[{"@type":"ListItem","position":1,"name":"Home","item":"https:\/\/emascanada.org\/"},{"@type":"ListItem","position":2,"name":"About","item":"https:\/\/emascanada.org\/about\/"},{"@type":"ListItem","position":3,"name":"Statement of Faith"}]},{"@type":"WebSite","@id":"https:\/\/emascanada.org\/#website","url":"https:\/\/emascanada.org\/","name":"EMAS Canada","description":"Short-term medical missions with a long-term perspective","publisher":{"@id":"https:\/\/emascanada.org\/#organization"},"alternateName":"Education, Medical Aid, and Service","potentialAction":[{"@type":"SearchAction","target":{"@type":"EntryPoint","urlTemplate":"https:\/\/emascanada.org\/?s={search_term_string}"},"query-input":{"@type":"PropertyValueSpecification","valueRequired":true,"valueName":"search_term_string"}}],"inLanguage":"fr-CA"},{"@type":"Organization","@id":"https:\/\/emascanada.org\/#organization","name":"EMAS Canada","alternateName":"Education, Medical Aid and Service","url":"https:\/\/emascanada.org\/","logo":{"@type":"ImageObject","inLanguage":"fr-CA","@id":"https:\/\/emascanada.org\/#\/schema\/logo\/image\/","url":"https:\/\/emascanada.org\/wp-content\/uploads\/2024\/11\/EMAS-Logo-PS1000.png","contentUrl":"https:\/\/emascanada.org\/wp-content\/uploads\/2024\/11\/EMAS-Logo-PS1000.png","width":1000,"height":327,"caption":"EMAS Canada"},"image":{"@id":"https:\/\/emascanada.org\/#\/schema\/logo\/image\/"},"sameAs":["https:\/\/www.facebook.com\/EMASCANADA\/","https:\/\/x.com\/emascanada","https:\/\/www.youtube.com\/user\/emascanada","https:\/\/www.instagram.com\/canada.emas\/"]}]}},"_links":{"self":[{"href":"https:\/\/emascanada.org\/fr\/wp-json\/wp\/v2\/pages\/6705","targetHints":{"allow":["GET"]}}],"collection":[{"href":"https:\/\/emascanada.org\/fr\/wp-json\/wp\/v2\/pages"}],"about":[{"href":"https:\/\/emascanada.org\/fr\/wp-json\/wp\/v2\/types\/page"}],"author":[{"embeddable":true,"href":"https:\/\/emascanada.org\/fr\/wp-json\/wp\/v2\/users\/2"}],"replies":[{"embeddable":true,"href":"https:\/\/emascanada.org\/fr\/wp-json\/wp\/v2\/comments?post=6705"}],"version-history":[{"count":5,"href":"https:\/\/emascanada.org\/fr\/wp-json\/wp\/v2\/pages\/6705\/revisions"}],"predecessor-version":[{"id":9305,"href":"https:\/\/emascanada.org\/fr\/wp-json\/wp\/v2\/pages\/6705\/revisions\/9305"}],"up":[{"embeddable":true,"href":"https:\/\/emascanada.org\/fr\/wp-json\/wp\/v2\/pages\/6650"}],"wp:attachment":[{"href":"https:\/\/emascanada.org\/fr\/wp-json\/wp\/v2\/media?parent=6705"}],"curies":[{"name":"wp","href":"https:\/\/api.w.org\/{rel}","templated":true}]}}